{"id":46,"date":"2025-03-23T14:48:11","date_gmt":"2025-03-23T14:48:11","guid":{"rendered":"https:\/\/jamoniberico.pt\/?page_id=46"},"modified":"2025-08-27T11:13:24","modified_gmt":"2025-08-27T11:13:24","slug":"aviso-legal","status":"publish","type":"page","link":"https:\/\/www.casajamonului.com\/?page_id=46","title":{"rendered":"Avertisment Legal"},"content":{"rendered":"\n<p><strong>Citi\u021bi cu aten\u021bie acest avertisment legal \u00eenainte de a utiliza ibericomio.es\/ro.<\/strong> (denumit \u00een continuare, Situl).<br>Utilizarea Sitului este guvernat\u0103 de regulile stabilite \u00een prezentul avertisment legal. Utilizarea acestuia implic\u0103 acceptarea acestor reguli. Prin accesarea Sitului, accep\u021bi condi\u021biile sale de utilizare. Responsabilitatea utiliz\u0103rii Sitului revine exclusiv utilizatorului.<\/p>\n\n\n\n<hr class=\"wp-block-separator has-alpha-channel-opacity\"\/>\n\n\n\n<h3 class=\"wp-block-heading\"><strong>Date de identificare<\/strong><\/h3>\n\n\n\n<p>\u00cen conformitate cu prevederile Legii 34\/2002 din 11 iulie privind serviciile societ\u0103\u021bii informa\u021bionale \u0219i comer\u021bul electronic, sunt indicate mai jos datele de identificare ale titularului Sitului:<\/p>\n\n\n\n<ul class=\"wp-block-list\">\n<li><strong>Numele companiei:<\/strong> IBERICOMIO S.L.<\/li>\n\n\n\n<li><strong>CIF:<\/strong> B01663442<\/li>\n\n\n\n<li><strong>Adres\u0103::<\/strong> C\/ Francisco Barbieri, 4. 13600 Alc\u00e1zar de San Juan<\/li>\n\n\n\n<li><strong>Telefon:<\/strong> +34 926 653 810<\/li>\n\n\n\n<li><strong>Email:<\/strong> <a>locos@ibericomio.es<\/a><\/li>\n<\/ul>\n\n\n\n<hr class=\"wp-block-separator has-alpha-channel-opacity\"\/>\n\n\n\n<h3 class=\"wp-block-heading\"><strong>Condi\u021biile Sitului<\/strong><\/h3>\n\n\n\n<p>Con\u021binuturile \u0219i serviciile Sitului sunt furnizate de IBERICOMIO S.L.<\/p>\n\n\n\n<p>Utilizarea \u0219i navigarea pe acest Sit implic\u0103 acceptarea \u0219i cunoa\u0219terea avertismentelor legale, condi\u021biilor \u0219i termenilor de utilizare pe care le con\u021bine, \u00een special a celor prev\u0103zute \u00een prezentul Avertisment Legal, Politica de Protec\u021bie a Datelor \u0219i Confiden\u021bialitate, precum \u0219i a tuturor condi\u021biilor referitoare la cump\u0103rare, plat\u0103, livrare \u0219i return\u0103ri. IBERICOMIO S.L. \u00ee\u0219i rezerv\u0103 dreptul de a actualiza, modifica sau elimina informa\u021biile con\u021binute pe Sit, put\u00e2nd chiar s\u0103 limiteze sau s\u0103 refuze accesul la acesta.<\/p>\n\n\n\n<hr class=\"wp-block-separator has-alpha-channel-opacity\"\/>\n\n\n\n<h3 class=\"wp-block-heading\"><strong>Drepturi de proprietate intelectual\u0103 \u0219i industrial\u0103<\/strong><\/h3>\n\n\n\n<p>Toate con\u021binuturile Sitului, cum ar fi m\u0103rci, denumiri comerciale, logouri, imagini, texte, design, structur\u0103 de navigare \u0219i orice alt element distinctiv, apar\u021bin IBERICOMIO S.L. sau ter\u021bilor care au autorizat \u00een mod corespunz\u0103tor includerea lor pe Sit.<\/p>\n\n\n\n<p>Accesul la aceste con\u021binuturi nu confer\u0103 utilizatorului niciun drept asupra acestora, cum ar fi modificarea, exploatarea, reproducerea, distribuirea sau comunicarea public\u0103. Utilizatorul se angajeaz\u0103 s\u0103 nu fac\u0103 nicio utilizare comercial\u0103, direct\u0103 sau indirect\u0103, a acestora.<br>Orice utilizare neautorizat\u0103 va da dreptul IBERICOMIO S.L. s\u0103 exercite ac\u021biunile legale corespunz\u0103toare, conform legisla\u021biei \u00een vigoare.<\/p>\n\n\n\n<hr class=\"wp-block-separator has-alpha-channel-opacity\"\/>\n\n\n\n<h3 class=\"wp-block-heading\"><strong>Protec\u021bia datelor<\/strong><\/h3>\n\n\n\n<p>V\u0103 rug\u0103m s\u0103 consulta\u021bi [Politica noastr\u0103 de Confiden\u021bialitate] pentru a ob\u021bine informa\u021bii despre prelucrarea datelor colectate prin intermediul Sitului.<\/p>\n\n\n\n<hr class=\"wp-block-separator has-alpha-channel-opacity\"\/>\n\n\n\n<h3 class=\"wp-block-heading\"><strong>Limitarea r\u0103spunderii<\/strong><\/h3>\n\n\n\n<p>\u00cen niciun caz IBERICOMIO S.L. nu va fi responsabil\u0103 fa\u021b\u0103 de ter\u021bi pentru daune directe sau indirecte, economice sau de alt\u0103 natur\u0103, rezultate din utilizarea Sitului.<\/p>\n\n\n\n<p>IBERICOMIO S.L. nu garanteaz\u0103 absen\u021ba viru\u0219ilor sau a altor componente d\u0103un\u0103toare pe Sit sau pe serverul care \u00eel g\u0103zduie\u0219te \u0219i nu \u00ee\u0219i asum\u0103 r\u0103spunderea pentru daunele cauzate de ter\u021bi care \u00eencalc\u0103 condi\u021biile stabilite sau sistemele de securitate.<\/p>\n\n\n\n<p>Declar\u0103 c\u0103 a adoptat toate m\u0103surile necesare, \u00een limitele posibilit\u0103\u021bilor sale \u0219i ale nivelului tehnologic, pentru a garanta func\u021bionarea corect\u0103 a Sitului \u0219i pentru a evita transmiterea de viru\u0219i sau componente nocive.<\/p>\n\n\n\n<p>IBERICOMIO S.L. nu va fi responsabil\u0103 pentru con\u021binuturile legate (linkuri) care permit accesul la produse sau servicii oferite de ter\u021bi din afara acestui Sit. De asemenea, nu \u00ee\u0219i asum\u0103 responsabilitatea pentru legalitatea, exactitatea sau utilitatea acestor linkuri. Rug\u0103m utilizatorii s\u0103 ne informeze dac\u0103 detecteaz\u0103 linkuri care \u00eencalc\u0103 legea, morala sau ordinea public\u0103, scriind la <a href=\"mailto:locos@ibericomio.es\">locos@ibericomio.es<\/a>.<\/p>\n\n\n\n<p>De asemenea, nu se garanteaz\u0103 disponibilitatea tehnic\u0103, exactitatea sau legalitatea paginilor ter\u021bilor accesibile prin linkuri externe. IBERICOMIO S.L. \u00ee\u0219i rezerv\u0103 dreptul de a lua m\u0103surile legale necesare \u00eempotriva celor care folosesc Situl \u00een mod abuziv sau d\u0103uneaz\u0103 imaginii sale, solicit\u00e2nd desp\u0103gubiri pentru prejudiciile cauzate, inclusiv cheltuieli legale.<\/p>\n\n\n\n<p>Prezentul avertisment legal se aplic\u0103 exclusiv informa\u021biilor colectate pe Sit, nu \u0219i con\u021binuturilor paginilor ter\u021bilor.<\/p>\n\n\n\n<hr class=\"wp-block-separator has-alpha-channel-opacity\"\/>\n\n\n\n<h3 class=\"wp-block-heading\"><strong>Jurisdictie \u0219i legisla\u021bie aplicabil\u0103<\/strong><\/h3>\n\n\n\n<p id=\"tw-target-text\">Regulile de utilizare con\u021binute \u00een acest Sit sunt guvernate de legisla\u021bia spaniol\u0103.<br>At\u00e2t IBERICOMIO S.L., c\u00e2t \u0219i utilizatorul, cu renun\u021bare expres\u0103 la orice alt for care le-ar putea corespunde, se supun jurisdic\u021biei instan\u021belor \u0219i tribunalelor din Alc\u00e1zar de San Juan (Spania) pentru solu\u021bionarea oric\u0103rei controverse.<\/p>\n\n\n\n<p id=\"tw-target-text\"><\/p>\n\n\n\n<p><\/p>\n","protected":false},"excerpt":{"rendered":"<p>Citi\u021bi cu aten\u021bie acest avertisment legal \u00eenainte de a utiliza ibericomio.es\/ro. (denumit \u00een continuare, Situl).Utilizarea Sitului este guvernat\u0103 de regulile stabilite \u00een prezentul avertisment legal. Utilizarea acestuia implic\u0103 acceptarea acestor reguli. Prin accesarea Sitului, accep\u021bi condi\u021biile sale de utilizare. Responsabilitatea utiliz\u0103rii Sitului revine exclusiv utilizatorului. Date de identificare \u00cen conformitate cu prevederile Legii 34\/2002 din [&hellip;]<\/p>\n","protected":false},"author":1,"featured_media":0,"parent":0,"menu_order":0,"comment_status":"closed","ping_status":"closed","template":"","meta":{"footnotes":""},"class_list":["post-46","page","type-page","status-publish","hentry"],"_links":{"self":[{"href":"https:\/\/www.casajamonului.com\/index.php?rest_route=\/wp\/v2\/pages\/46","targetHints":{"allow":["GET"]}}],"collection":[{"href":"https:\/\/www.casajamonului.com\/index.php?rest_route=\/wp\/v2\/pages"}],"about":[{"href":"https:\/\/www.casajamonului.com\/index.php?rest_route=\/wp\/v2\/types\/page"}],"author":[{"embeddable":true,"href":"https:\/\/www.casajamonului.com\/index.php?rest_route=\/wp\/v2\/users\/1"}],"replies":[{"embeddable":true,"href":"https:\/\/www.casajamonului.com\/index.php?rest_route=%2Fwp%2Fv2%2Fcomments&post=46"}],"version-history":[{"count":5,"href":"https:\/\/www.casajamonului.com\/index.php?rest_route=\/wp\/v2\/pages\/46\/revisions"}],"predecessor-version":[{"id":114,"href":"https:\/\/www.casajamonului.com\/index.php?rest_route=\/wp\/v2\/pages\/46\/revisions\/114"}],"wp:attachment":[{"href":"https:\/\/www.casajamonului.com\/index.php?rest_route=%2Fwp%2Fv2%2Fmedia&parent=46"}],"curies":[{"name":"wp","href":"https:\/\/api.w.org\/{rel}","templated":true}]}}