{"id":52,"date":"2025-03-23T14:59:45","date_gmt":"2025-03-23T14:59:45","guid":{"rendered":"https:\/\/jamoniberico.pt\/?page_id=52"},"modified":"2025-08-27T11:17:47","modified_gmt":"2025-08-27T11:17:47","slug":"politica-de-privacidad","status":"publish","type":"page","link":"https:\/\/www.casajamonului.com\/?page_id=52","title":{"rendered":"Politica de Confiden\u021bialitate"},"content":{"rendered":"\n<p>Informa\u021bii conform legisla\u021biei privind protec\u021bia datelor cu caracter personal<br>\u00cen Europa \u0219i \u00een Spania exist\u0103 reglement\u0103ri privind protec\u021bia datelor pentru a v\u0103 proteja datele personale, care sunt obligatorii pentru compania noastr\u0103.<br>Din acest motiv, este foarte important pentru noi ca dumneavoastr\u0103 s\u0103 \u00een\u021belege\u021bi pe deplin ce facem cu informa\u021biile personale pe care vi le solicit\u0103m.<br>Astfel, suntem transparen\u021bi \u0219i v\u0103 oferim control asupra datelor dumneavoastr\u0103, cu un limbaj simplu \u0219i op\u021biuni clare care v\u0103 permit s\u0103 decide\u021bi ce s\u0103 face\u021bi cu datele personale.<br>Dac\u0103 ave\u021bi \u00eentreb\u0103ri dup\u0103 ce a\u021bi citit aceste informa\u021bii, nu ezita\u021bi s\u0103 ne contacta\u021bi.<br>V\u0103 mul\u021bumim pentru colaborare.<\/p>\n\n\n\n<p><strong>Cine suntem noi?<\/strong><br>Numele nostru: IBERICOMIO S.L.<br>CIF\/NIF: B01663442<br>Activitatea noastr\u0103 principal\u0103: INTERMEDIERE COMERCIAL\u0102<br>Adresa noastr\u0103: FRANCISCO BARBIERI, 4 &#8211; CP 13600, ALCAZAR DE SAN JUAN (Ciudad Real)<br>Telefon de contact: 926 653 810<br>Adres\u0103 de e-mail de contact: <a href=\"mailto:locos@ibericomio.es\">locos@ibericomio.es<\/a><br>Site-ul nostru: ibericomio.es<br>Pentru \u00eencrederea \u0219i siguran\u021ba dumneavoastr\u0103, v\u0103 inform\u0103m c\u0103 suntem o persoan\u0103 juridic\u0103 \u00eenregistrat\u0103 \u00een Registrul Comercial din Ciudad Real, Tom 674, Cartea 0, Foaia 16, Sec\u021biunea 8, Foaia CR31230, \u00eenregistrarea 1.<br>Suntem la dispozi\u021bia dumneavoastr\u0103, nu ezita\u021bi s\u0103 ne contacta\u021bi.<\/p>\n\n\n\n<p><strong>De ce vom folosi datele dumneavoastr\u0103?<\/strong><br>\u00cen general, informa\u021biile dumneavoastr\u0103 personale sunt utilizate pentru a comunica cu dumneavoastr\u0103 \u0219i pentru a v\u0103 furniza serviciile noastre.<br>De asemenea, pot fi utilizate pentru alte activit\u0103\u021bi, cum ar fi trimiterea de anun\u021buri sau promovarea activit\u0103\u021bilor noastre.<\/p>\n\n\n\n<p><strong>De ce avem nevoie s\u0103 folosim datele dumneavoastr\u0103?<\/strong><br>Informa\u021biile dumneavoastr\u0103 personale sunt necesare pentru a interac\u021biona cu dumneavoastr\u0103 \u0219i pentru a v\u0103 furniza serviciile noastre. \u00cen acest scop, v\u0103 punem la dispozi\u021bie c\u0103su\u021be de selectare care v\u0103 permit s\u0103 decide\u021bi clar \u0219i u\u0219or despre utilizarea datelor dumneavoastr\u0103 personale.<\/p>\n\n\n\n<p><strong>Cine va \u0219ti informa\u021biile pe care vi le cerem?<\/strong><br>\u00cen general, doar persoanele autorizate de compania noastr\u0103 pot ob\u021bine informa\u021biile pe care vi le solicit\u0103m s\u0103 le furniza\u021bi.<br>De asemenea, unele companii pot avea acces la informa\u021biile dumneavoastr\u0103 personale, dac\u0103 este necesar, pentru a v\u0103 furniza serviciile noastre. De exemplu, banca noastr\u0103 ia cuno\u0219tin\u021b\u0103 de datele dumneavoastr\u0103 dac\u0103 plata pentru serviciile noastre se face prin card sau transfer bancar.<br>\u00cen plus, unele organisme publice sau private c\u0103rora suntem obliga\u021bi s\u0103 le transfer\u0103m datele dumneavoastr\u0103 personale \u00een conformitate cu legisla\u021bia aplicabil\u0103 pot lua la cuno\u0219tin\u021b\u0103 despre acestea. De exemplu, legisla\u021bia fiscal\u0103 ne oblig\u0103 s\u0103 furniz\u0103m Agen\u021biei Fiscale anumite informa\u021bii despre tranzac\u021biile economice care dep\u0103\u0219esc o anumit\u0103 sum\u0103. Dac\u0103 \u00eemp\u0103rt\u0103\u0219im datele dumneavoastr\u0103 personale cu alte p\u0103r\u021bi \u00een afara situa\u021biilor men\u021bionate mai sus, v\u0103 vom solicita mai \u00eent\u00e2i autorizarea, oferindu-v\u0103 op\u021biuni clare care s\u0103 v\u0103 permit\u0103 s\u0103 decide\u021bi asupra acestui aspect.<\/p>\n\n\n\n<p><strong>Cum v\u0103 protej\u0103m datele?<\/strong><br>V\u0103 vom proteja datele cu m\u0103suri de securitate eficiente, bazate pe riscurile asociate utiliz\u0103rii datelor dumneavoastr\u0103.<br>\u00cen acest scop, compania noastr\u0103 adopt\u0103 o politic\u0103 de protec\u021bie a datelor \u0219i efectueaz\u0103 controale \u0219i audituri anuale pentru a se asigura c\u0103 datele dumneavoastr\u0103 personale sunt \u00eentotdeauna \u00een siguran\u021b\u0103.<\/p>\n\n\n\n<p><strong>V\u0103 vom trimite datele \u00een alte \u021b\u0103ri?<\/strong><br>Exist\u0103 \u021b\u0103ri \u00een care datele dumneavoastr\u0103 sunt sigure \u0219i altele \u00een care sunt mai pu\u021bin. De exemplu, Uniunea European\u0103 este un mediu sigur pentru datele dumneavoastr\u0103. Politica noastr\u0103 este de a nu trimite informa\u021biile dumneavoastr\u0103 personale c\u0103tre \u021b\u0103ri care nu sunt considerate sigure \u00een ceea ce prive\u0219te protec\u021bia datelor.<br>Dac\u0103, \u00een cursul furniz\u0103rii serviciului, va fi necesar transferul datelor dumneavoastr\u0103 \u00eentr-o \u021bar\u0103 nesigur\u0103 precum Spania, v\u0103 vom solicita \u00eentotdeauna acordul prealabil \u0219i vom lua m\u0103suri de securitate eficiente pentru a reduce riscurile asociate transferului datelor dumneavoastr\u0103 personale \u00eentr-o alt\u0103 \u021bar\u0103.<\/p>\n\n\n\n<p><strong>C\u00e2t timp vom p\u0103stra datele dumneavoastr\u0103?<\/strong><br>Vom p\u0103stra informa\u021biile dumneavoastr\u0103 pe toat\u0103 durata rela\u021biei noastre \u0219i pe perioada cerut\u0103 de lege. Dup\u0103 expirarea termenelor legale aplicabile, le vom elimina \u00een mod sigur \u0219i prietenos cu mediul.<\/p>\n\n\n\n<p><strong>Ce drepturi de protec\u021bie a datelor ave\u021bi?<\/strong><br>Ne pute\u021bi contacta \u00een orice moment pentru a afla ce informa\u021bii avem despre dumneavoastr\u0103, pentru a le corecta dac\u0103 sunt incorecte \u0219i pentru a le \u0219terge dup\u0103 \u00eencheierea rela\u021biei noastre, \u00een m\u0103sura permis\u0103 de lege.<br>Ave\u021bi, de asemenea, dreptul de a solicita transferul informa\u021biilor dumneavoastr\u0103 c\u0103tre o alt\u0103 companie. Acest drept se nume\u0219te \u201eportabilitate\u201d \u0219i poate fi util \u00een anumite situa\u021bii.<br>Pentru a exercita oricare dintre aceste drepturi, trebuie s\u0103 trimite\u021bi o cerere scris\u0103 la adresa noastr\u0103 \u0219i s\u0103 include\u021bi o fotocopie a documentului dumneavoastr\u0103 de identitate pentru a putea fi identificat.<br>Formularele specifice pentru exercitarea acestor drepturi sunt disponibile \u00een birourile noastre \u0219i v\u0103 oferim asisten\u021b\u0103 \u00een completarea lor.<br>Pentru mai multe informa\u021bii despre drepturile dumneavoastr\u0103 de protec\u021bie a datelor, vizita\u021bi site-ul Agen\u021biei Spaniole de Protec\u021bie a Datelor (<a href=\"http:\/\/www.agpd.es\/\">www.agpd.es<\/a>).<\/p>\n\n\n\n<p><strong>V\u0103 pute\u021bi retrage consim\u021b\u0103m\u00e2ntul dac\u0103 v\u0103 r\u0103zg\u00e2ndi\u021bi?<\/strong><br>V\u0103 pute\u021bi retrage consim\u021b\u0103m\u00e2ntul \u00een orice moment dac\u0103 v\u0103 r\u0103zg\u00e2ndi\u021bi cu privire la modul \u00een care sunt utilizate datele dumneavoastr\u0103.<br>De exemplu, dac\u0103 era\u021bi interesat s\u0103 primi\u021bi publicitate despre produsele sau serviciile noastre, dar nu mai dori\u021bi s\u0103 le primi\u021bi, ne pute\u021bi informa prin formularul de opozi\u021bie la procesare disponibil \u00een birourile noastre.<\/p>\n\n\n\n<p><strong>Dac\u0103 drepturile dumneavoastr\u0103 nu sunt respectate, unde v\u0103 pute\u021bi pl\u00e2nge?<\/strong><br>Dac\u0103 considera\u021bi c\u0103 drepturile dumneavoastr\u0103 au fost \u00eenc\u0103lcate de compania noastr\u0103, pute\u021bi depune o pl\u00e2ngere la Agen\u021bia Spaniol\u0103 de Protec\u021bie a Datelor prin una dintre urm\u0103toarele modalit\u0103\u021bi:<br>Site: <a href=\"http:\/\/www.agpd.es\/\">www.agpd.es<\/a><br>Adres\u0103 po\u0219tal\u0103:<br>Agencia Espa\u00f1ola de Protecci\u00f3n de Datos<br>C\/ Jorge Juan, 6<br>28001-Madrid<br>Telefon:<br>901 100 099<br>91 266 35 17<br>Depunerea unei pl\u00e2ngeri la Agen\u021bia Spaniol\u0103 de Protec\u021bie a Datelor este gratuit\u0103 \u0219i nu necesit\u0103 angajarea unui avocat.<\/p>\n\n\n\n<p><strong>Vom crea profiluri despre dumneavoastr\u0103?<\/strong><br>Politica noastr\u0103 este de a nu crea profiluri despre utilizatorii Serviciilor noastre.<br>Totu\u0219i, pot exista situa\u021bii \u00een care, pentru a furniza Serviciul, fie \u00een scopuri comerciale sau altele, s\u0103 fie necesar s\u0103 cre\u0103m profiluri care con\u021bin informa\u021bii despre dumneavoastr\u0103. Un exemplu ar fi utilizarea istoricului dumneavoastr\u0103 de achizi\u021bii sau servicii pentru a oferi produse sau servicii adaptate gusturilor sau nevoilor dumneavoastr\u0103.<br>\u00cen acest caz, vom lua m\u0103suri de securitate eficiente pentru a v\u0103 proteja \u00eentotdeauna datele de persoane neautorizate care ar putea \u00eencerca s\u0103 le foloseasc\u0103 \u00een beneficiul propriu.<\/p>\n\n\n\n<p><strong>Vom folosi datele dumneavoastr\u0103 \u00een alte scopuri?<\/strong><br>Politica noastr\u0103 este de a nu folosi informa\u021biile dumneavoastr\u0103 \u00een alte scopuri dec\u00e2t cele pe care vi le-am explicat. Totu\u0219i, dac\u0103 va fi necesar s\u0103 folosim datele dumneavoastr\u0103 pentru activit\u0103\u021bi diferite, v\u0103 vom solicita \u00eentotdeauna acordul prealabil, oferindu-v\u0103 op\u021biuni clare care s\u0103 v\u0103 permit\u0103 s\u0103 decide\u021bi.<br>Utilizatorul poate, \u00een orice moment, s\u0103 \u00ee\u0219i exercite drepturile de acces, rectificare, \u0219tergere \u0219i opozi\u021bie asupra datelor sale personale, precum \u0219i s\u0103 \u00ee\u0219i retrag\u0103 consim\u021b\u0103m\u00e2ntul pentru a primi comunic\u0103ri electronice, contact\u00e2nd <a href=\"mailto:locos@ibericomio.es\">locos@ibericomio.es<\/a> sau prin linkul de dezabonare inclus \u00een fiecare comunicare trimis\u0103.<\/p>\n\n\n\n<p><strong>ANGAJAMENTUL NOSTRU PRIVIND PROTEC\u021aIA DATELOR PERSONALE: \u201ePERSOANE INFORMATE \u0218I DATE PROTEJATE\u201d<\/strong><br>Conducerea IBERICOMIO S.L. (denumit\u0103 \u00een continuare Responsabilul cu Prelucrarea) \u00ee\u0219i asum\u0103 cea mai mare responsabilitate \u0219i angajament \u00een definirea, implementarea \u0219i men\u021binerea prezentei Politici de Confiden\u021bialitate \u0219i \u00een asigurarea \u00eembun\u0103t\u0103\u021birii continue a responsabilului cu prelucrarea, cu scopul de a atinge excelen\u021ba \u00een respectarea Regulamentului (UE) 2016\/679 al Parlamentului European \u0219i al Consiliului din 27 aprilie 2016 privind protec\u021bia persoanelor fizice \u00een ceea ce prive\u0219te prelucrarea datelor cu caracter personal \u0219i libera circula\u021bie a acestor date \u0219i de abrogare a Directivei 95\/46\/CE (Regulamentul general privind protec\u021bia datelor) (DOUE L 119\/1, 04\/05\/2016), precum \u0219i legisla\u021biei spaniole privind protec\u021bia datelor personale.<\/p>\n\n\n\n<p>Politica de confiden\u021bialitate a IBERICOMIO S.L. se bazeaz\u0103 pe principiul responsabilit\u0103\u021bii proactive, conform c\u0103ruia operatorul de date este responsabil pentru respectarea cadrului legal \u0219i jurispruden\u021bial care guverneaz\u0103 aceast\u0103 directiv\u0103 \u0219i trebuie s\u0103 o demonstreze autorit\u0103\u021bilor de supraveghere competente.<\/p>\n\n\n\n<p>\u00cen acest sens, operatorul de date va respecta urm\u0103toarele principii, care trebuie s\u0103 serveasc\u0103 drept ghid \u0219i cadru pentru to\u021bi colaboratorii s\u0103i \u00een prelucrarea datelor personale:<\/p>\n\n\n\n<ul class=\"wp-block-list\">\n<li><strong>Protec\u021bia datelor prin proiectare tehnic\u0103<\/strong>: se vor lua m\u0103suri tehnice \u0219i organizatorice adecvate \u00eenc\u0103 din momentul determin\u0103rii mijloacelor de prelucrare \u0219i \u00een momentul prelucr\u0103rii propriu-zise, cum ar fi pseudonimizarea, pentru a respecta principiile de protec\u021bie a datelor, precum minimizarea acestora.<\/li>\n\n\n\n<li><strong>Protec\u021bia datelor \u00een mod implicit<\/strong>: se vor lua m\u0103suri pentru ca, \u00een mod implicit, s\u0103 fie prelucrate doar datele personale necesare scopului respectiv.<\/li>\n\n\n\n<li><strong>Protec\u021bia datelor pe \u00eentreg ciclul de via\u021b\u0103 al informa\u021biei<\/strong>: m\u0103surile care garanteaz\u0103 protec\u021bia datelor se aplic\u0103 pe tot parcursul ciclului de via\u021b\u0103 al informa\u021biei.<\/li>\n\n\n\n<li><strong>Legalitate, exactitate \u0219i transparen\u021b\u0103<\/strong>: datele vor fi prelucrate legal, corect \u0219i transparent.<\/li>\n\n\n\n<li><strong>Limitarea scopului<\/strong>: datele sunt colectate pentru scopuri determinate, explicite \u0219i legitime \u0219i nu vor fi prelucrate ulterior \u00een mod incompatibil.<\/li>\n\n\n\n<li><strong>Minimizarea datelor<\/strong>: datele trebuie s\u0103 fie adecvate, relevante \u0219i limitate la ceea ce este necesar.<\/li>\n\n\n\n<li><strong>Acurate\u021be<\/strong>: datele trebuie s\u0103 fie exacte \u0219i actualizate.<\/li>\n\n\n\n<li><strong>Limitarea perioadei de p\u0103strare<\/strong>: datele nu vor fi stocate mai mult dec\u00e2t este necesar.<\/li>\n\n\n\n<li><strong>Integritate \u0219i confiden\u021bialitate<\/strong>: datele vor fi tratate \u00een siguran\u021b\u0103, protejate de accesul neautorizat, pierderi sau distrugeri.<\/li>\n\n\n\n<li><strong>Informare \u0219i instruire<\/strong>: to\u021bi colaboratorii cu acces la date sunt instrui\u021bi \u0219i informa\u021bi despre obliga\u021biile lor privind protec\u021bia datelor.<\/li>\n<\/ul>\n\n\n\n<p>Aceast\u0103 politic\u0103 de confiden\u021bialitate a IBERICOMIO S.L. va fi comunicat\u0103 tuturor colaboratorilor \u0219i pus\u0103 la dispozi\u021bia tuturor p\u0103r\u021bilor interesate.<br>Ea se aplic\u0103 tuturor angaja\u021bilor care trebuie s\u0103 o cunoasc\u0103 \u0219i s\u0103 o aplice, fiecare membru fiind responsabil de respectarea \u0219i \u00eembun\u0103t\u0103\u021birea regulilor aplicabile.<\/p>\n\n\n\n<p>Politica este aprobat\u0103 de conducerea IBERICOMIO S.L. \u0219i revizuit\u0103 periodic pentru a fi adaptat\u0103 \u00een permanen\u021b\u0103 la reglement\u0103rile \u00een vigoare privind protec\u021bia datelor personale.<\/p>\n","protected":false},"excerpt":{"rendered":"<p>Informa\u021bii conform legisla\u021biei privind protec\u021bia datelor cu caracter personal\u00cen Europa \u0219i \u00een Spania exist\u0103 reglement\u0103ri privind protec\u021bia datelor pentru a v\u0103 proteja datele personale, care sunt obligatorii pentru compania noastr\u0103.Din acest motiv, este foarte important pentru noi ca dumneavoastr\u0103 s\u0103 \u00een\u021belege\u021bi pe deplin ce facem cu informa\u021biile personale pe care vi le solicit\u0103m.Astfel, suntem transparen\u021bi [&hellip;]<\/p>\n","protected":false},"author":1,"featured_media":0,"parent":0,"menu_order":0,"comment_status":"closed","ping_status":"closed","template":"","meta":{"footnotes":""},"class_list":["post-52","page","type-page","status-publish","hentry"],"_links":{"self":[{"href":"https:\/\/www.casajamonului.com\/index.php?rest_route=\/wp\/v2\/pages\/52","targetHints":{"allow":["GET"]}}],"collection":[{"href":"https:\/\/www.casajamonului.com\/index.php?rest_route=\/wp\/v2\/pages"}],"about":[{"href":"https:\/\/www.casajamonului.com\/index.php?rest_route=\/wp\/v2\/types\/page"}],"author":[{"embeddable":true,"href":"https:\/\/www.casajamonului.com\/index.php?rest_route=\/wp\/v2\/users\/1"}],"replies":[{"embeddable":true,"href":"https:\/\/www.casajamonului.com\/index.php?rest_route=%2Fwp%2Fv2%2Fcomments&post=52"}],"version-history":[{"count":2,"href":"https:\/\/www.casajamonului.com\/index.php?rest_route=\/wp\/v2\/pages\/52\/revisions"}],"predecessor-version":[{"id":116,"href":"https:\/\/www.casajamonului.com\/index.php?rest_route=\/wp\/v2\/pages\/52\/revisions\/116"}],"wp:attachment":[{"href":"https:\/\/www.casajamonului.com\/index.php?rest_route=%2Fwp%2Fv2%2Fmedia&parent=52"}],"curies":[{"name":"wp","href":"https:\/\/api.w.org\/{rel}","templated":true}]}}